{"id":67,"date":"2025-04-24T13:10:22","date_gmt":"2025-04-24T13:10:22","guid":{"rendered":"https:\/\/test.veridian.com.hr\/wordpress\/?post_type=product&#038;p=67"},"modified":"2025-04-24T13:10:23","modified_gmt":"2025-04-24T13:10:23","slug":"medicad","status":"publish","type":"product","link":"https:\/\/veridian.com.hr\/hr\/product\/medicad\/","title":{"rendered":"mediCAD"},"content":{"rendered":"<h4 class=\"wp-block-heading\">mediCAD\u00ae Classic 2D<\/h4>\n\n\n\n<p>Najnovija verzija MediCAD\u00ae Classic \u2014 modula za planiranje ortopedskih operacija njema\u010dkog proizvo\u0111a\u010da Hectec MediCAD GmbH \u2014 u novoj verziji usmjerena je na pojednostavljenje va\u0161eg rada, tj. automatsko pozicioniranje tijekom planiranja operacije kuka, automatsko prepoznavanje osi bedrene kosti prilikom ofseta mjerenja ili automatsku sugestiju naj\u010de\u0161\u0107e kori\u0161tenih implantata iz baze podataka implantata. Potpuno je integriran s PACS arhivima kao dio Enterprise PACS sustava, ali je dostupan i kao samostalno rje\u0161enje za manja poduze\u0107a.<\/p>\n\n\n\n<ul class=\"wp-block-list\">\n<li>Kuk<\/li>\n\n\n\n<li>Koljeno<\/li>\n\n\n\n<li>Duga noga \u2014 Osteotomija<\/li>\n\n\n\n<li>Gornji udovi<\/li>\n\n\n\n<li>Noga \u2014 Hallux Valgus<\/li>\n\n\n\n<li>Trauma<\/li>\n<\/ul>\n\n\n\n<figure class=\"wp-block-image\"><img decoding=\"async\" src=\"https:\/\/cdn.prod.website-files.com\/66110f2c8101b845ca1d920b\/6612baeb85b5798ac6f6769b_mediCAD2d.png\" alt=\"\"\/><\/figure>\n\n\n\n<h4 class=\"wp-block-heading\">mediCAD\u00ae Classic 3D<\/h4>\n\n\n\n<p>Jo\u0161 preciznije i preciznije planiranje ortopedske kirurgije omogu\u0107eno je MediCAD 3D alatima prilago\u0111enim planiranju operacija koljena, ramena, kralje\u017enice i lakta. Na taj je na\u010din Hectec MediCAD postao pionir i trenutno nema konkurenciju. Temelji se na studijama provedenim ra\u010dunalnom tomografijom (CT) i omogu\u0107uje pobolj\u0161ani prikaz i simulacije ishoda operacija.<\/p>\n\n\n\n<figure class=\"wp-block-image\"><img decoding=\"async\" src=\"https:\/\/cdn.prod.website-files.com\/66110f2c8101b845ca1d920b\/6612bb1d045ecb85e1b05170_mediCAD3D.png\" alt=\"\"\/><\/figure>","protected":false},"excerpt":{"rendered":"<p>mediCAD\u00ae Classic 2D The latest version of mediCAD\u00ae Classic \u2013 module for planning orthopaedic operations of german manufacturer Hectec mediCAD GmbH \u2013 in new version is focused on simplification of your work, i.e. automatically pozitioning during planning of hip operation, automatic recognizing of the femoral shaft axis on the occasion of offset measurement or automatic [&hellip;]<\/p>","protected":false},"featured_media":68,"template":"","meta":{"_acf_changed":true},"class_list":["post-67","product","type-product","status-publish","has-post-thumbnail","hentry"],"acf":[],"_links":{"self":[{"href":"https:\/\/veridian.com.hr\/hr\/wp-json\/wp\/v2\/product\/67","targetHints":{"allow":["GET"]}}],"collection":[{"href":"https:\/\/veridian.com.hr\/hr\/wp-json\/wp\/v2\/product"}],"about":[{"href":"https:\/\/veridian.com.hr\/hr\/wp-json\/wp\/v2\/types\/product"}],"wp:featuredmedia":[{"embeddable":true,"href":"https:\/\/veridian.com.hr\/hr\/wp-json\/wp\/v2\/media\/68"}],"wp:attachment":[{"href":"https:\/\/veridian.com.hr\/hr\/wp-json\/wp\/v2\/media?parent=67"}],"curies":[{"name":"wp","href":"https:\/\/api.w.org\/{rel}","templated":true}]}}